{"id":269,"date":"2017-11-12T14:42:18","date_gmt":"2017-11-12T14:42:18","guid":{"rendered":"http:\/\/bogota.content-guys.de\/?page_id=2"},"modified":"2018-02-23T15:58:17","modified_gmt":"2018-02-23T14:58:17","slug":"news","status":"publish","type":"page","link":"https:\/\/bogota-grancanaria.de\/es\/news\/","title":{"rendered":"News"},"content":{"rendered":"<div id='fullscreen_slider_1' class='avia-fullscreen-slider main_color   container_wrap sidebar_right'   ><a href='#next-section' title='' class='scroll-down-link av-control-default' aria-hidden='true' data-av_icon='\ue877' data-av_iconfont='entypo-fontello'><\/a><div  data-size='extra_large'  data-lightbox_size='large'  data-animation='slide'  data-ids='204'  data-video_counter='0'  data-autoplay='false'  data-bg_slider='true'  data-slide_height='100'  data-handle='av_fullscreen'  data-interval='5'  data-class=' '  data-css_id='fullscreen_slider_1'  data-scroll_down='aviaTBscroll_down'  data-control_layout='av-control-default'  data-custom_markup=''  data-perma_caption=''  data-autoplay_stopper=''  data-image_attachment=''  data-min_height='0px'  data-stretch=''  data-default-height='100'  class='avia-slideshow avia-slideshow-1 av-slider-scroll-down-active av-control-default av-default-height-applied avia-slideshow-extra_large av_fullscreen   avia-slide-slider '  itemscope=\"itemscope\" itemtype=\"https:\/\/schema.org\/ImageObject\" ><ul class='avia-slideshow-inner' style='padding-bottom: 62.5333333333%;'><li style='background-position:center center;' data-img-url='https:\/\/bogota-grancanaria.de\/es\/wp-content\/uploads\/sites\/5\/2017\/11\/header_news-1500x938.jpg' class=' av-single-slide slide-1 ' ><div data-rel='slideshow-1' class='avia-slide-wrap'  ><div class = \"caption_fullwidth av-slideshow-caption caption_center caption_center_framed caption_framed\"><div class = \"container caption_container\"><div class = \"slideshow_caption\"><div class = \"slideshow_inner_caption\"><div class = \"slideshow_align_caption\"><h2  style='font-size:50px; color:#ffffff; ' class='avia-caption-title '  itemprop=\"name\" >NOVEDADES DE LOS APARTAMENTOS BOGOTA<\/h2><\/div><\/div><\/div><\/div><\/div><\/div><\/li><\/ul><\/div><\/div>\n<\/div><\/div><\/div><!-- close content main div --><\/div><\/div><div id='av_section_1' class='avia-section main_color avia-section-default avia-no-border-styling avia-bg-style-scroll   container_wrap sidebar_right'   ><div class='container' ><div class='template-page content  av-content-small alpha units'><div class='post-entry post-entry-type-page post-entry-269'><div class='entry-content-wrapper clearfix'>\n<div class=\"flex_column av_one_full  flex_column_div av-zero-column-padding first  \" style='margin-top:0px; margin-bottom:20px; border-radius:0px; '><div style='padding-bottom:10px;' class='av-special-heading av-special-heading-h1  blockquote modern-quote modern-centered  '><h1 class='av-special-heading-tag '  itemprop=\"headline\"  >NOVEDADES<\/h1><div class='special-heading-border'><div class='special-heading-inner-border' ><\/div><\/div><\/div><\/div><div  data-autoplay=''  data-interval='5'  data-animation='fade'  data-show_slide_delay='90'  class='avia-content-slider avia-content-grid-active avia-content-slider1 avia-content-slider-odd  '  itemscope=\"itemscope\" itemtype=\"https:\/\/schema.org\/Blog\" ><div class='avia-content-slider-inner'><div class='slide-entry-wrap'><article class='slide-entry flex_column  post-entry post-entry-459 slide-entry-overview slide-loop-1 slide-parity-odd  av_one_third first real-thumbnail'  itemscope=\"itemscope\" itemtype=\"https:\/\/schema.org\/BlogPosting\" itemprop=\"blogPost\" ><a href='https:\/\/bogota-grancanaria.de\/es\/instalacion-de-aire-acondicionado\/' data-rel='slide-1' class='slide-image' title=''><img width=\"495\" height=\"400\" src=\"https:\/\/bogota-grancanaria.de\/es\/wp-content\/uploads\/sites\/5\/2024\/01\/Klimaanlagen_thumb_neu-495x400.jpg\" class=\"attachment-portfolio size-portfolio wp-post-image\" alt=\"\" loading=\"lazy\" \/><\/a><div class='slide-content'><header class=\"entry-content-header\"><span class=\"blog-categories minor-meta\"><a href=\"https:\/\/bogota-grancanaria.de\/es\/category\/news\/\" rel=\"tag\">News<\/a> <\/span><h3 class='slide-entry-title entry-title'  itemprop=\"headline\" ><a href='https:\/\/bogota-grancanaria.de\/es\/instalacion-de-aire-acondicionado\/' title='Instalaci\u00f3n de aire acondicionado'>Instalaci\u00f3n de aire acondicionado<\/a><\/h3><span class=\"av-vertical-delimiter\"><\/span><\/header><div class='slide-entry-excerpt entry-content'  itemprop=\"text\" >Junio 2024 vamos a instalar Aire acondicionado en todos nuestros Apartmentos- por eso mantenemos el complejo cerrado desde el 06.06 hasta el 28.06.2024- asi nos preparamos para el calor del verano.\r\n\r\n<div class=\"read-more-link\"><a href=\"https:\/\/bogota-grancanaria.de\/es\/instalacion-de-aire-acondicionado\/\" class=\"more-link\">Weiterlesen<span class=\"more-link-arrow\"><\/span><\/a><\/div><\/div><\/div><footer class=\"entry-footer\"><div class='slide-meta'><div class='slide-meta-comments'><a href='https:\/\/bogota-grancanaria.de\/es\/instalacion-de-aire-acondicionado\/#respond'>0 Kommentare<\/a><\/div><div class='slide-meta-del'>\/<\/div><time class='slide-meta-time updated'  itemprop=\"datePublished\" datetime=\"2024-01-22T11:27:07+01:00\" >22. Januar 2024<\/time><\/div><\/footer><span class='hidden'>\n\t\t\t<span class='av-structured-data'  itemscope=\"itemscope\" itemtype=\"https:\/\/schema.org\/ImageObject\"  itemprop='image'>\n\t\t\t\t\t   <span itemprop='url' >https:\/\/bogota-grancanaria.de\/es\/wp-content\/uploads\/sites\/5\/2024\/01\/Klimaanlagen_thumb_neu.jpg<\/span>\n\t\t\t\t\t   <span itemprop='height' >450<\/span>\n\t\t\t\t\t   <span itemprop='width' >495<\/span>\n\t\t\t\t  <\/span><span class='av-structured-data'  itemprop=\"publisher\" itemtype=\"https:\/\/schema.org\/Organization\" itemscope=\"itemscope\" >\n\t\t\t\t<span itemprop='name'>florian.mueller<\/span>\n\t\t\t\t<span itemprop='logo' itemscope itemtype='http:\/\/schema.org\/ImageObject'>\n\t\t\t\t   <span itemprop='url'>http:\/\/bogota-mehrsprachig.content-guys.de\/es\/wp-content\/uploads\/sites\/5\/2018\/02\/Logo_Apartamentos_Bogota.png<\/span>\n\t\t\t\t <\/span>\n\t\t\t  <\/span><span class='av-structured-data'  itemprop=\"author\" itemscope=\"itemscope\" itemtype=\"https:\/\/schema.org\/Person\" ><span itemprop='name'>florian.mueller<\/span><\/span><span class='av-structured-data'  itemprop=\"datePublished\" datetime=\"2017-01-08T12:29:37+01:00\" >2024-01-22 11:27:07<\/span><span class='av-structured-data'  itemprop=\"dateModified\" itemtype=\"https:\/\/schema.org\/dateModified\" >2024-08-14 13:26:44<\/span><span class='av-structured-data'  itemprop=\"mainEntityOfPage\" itemtype=\"https:\/\/schema.org\/mainEntityOfPage\" ><span itemprop='name'>Instalaci\u00f3n de aire acondicionado<\/span><\/span><\/span><\/article><article class='slide-entry flex_column  post-entry post-entry-457 slide-entry-overview slide-loop-2 slide-parity-even  av_one_third  real-thumbnail'  itemscope=\"itemscope\" itemtype=\"https:\/\/schema.org\/BlogPosting\" itemprop=\"blogPost\" ><a href='https:\/\/bogota-grancanaria.de\/es\/smart-tv\/' data-rel='slide-1' class='slide-image' title=''><img width=\"495\" height=\"400\" src=\"https:\/\/bogota-grancanaria.de\/es\/wp-content\/uploads\/sites\/5\/2024\/01\/Netflix-tv-495x400.jpeg\" class=\"attachment-portfolio size-portfolio wp-post-image\" alt=\"\" loading=\"lazy\" srcset=\"https:\/\/bogota-grancanaria.de\/es\/wp-content\/uploads\/sites\/5\/2024\/01\/Netflix-tv-495x400.jpeg 495w, https:\/\/bogota-grancanaria.de\/es\/wp-content\/uploads\/sites\/5\/2024\/01\/Netflix-tv-845x684.jpeg 845w\" sizes=\"(max-width: 495px) 100vw, 495px\" \/><\/a><div class='slide-content'><header class=\"entry-content-header\"><span class=\"blog-categories minor-meta\"><a href=\"https:\/\/bogota-grancanaria.de\/es\/category\/news\/\" rel=\"tag\">News<\/a> <\/span><h3 class='slide-entry-title entry-title'  itemprop=\"headline\" ><a href='https:\/\/bogota-grancanaria.de\/es\/smart-tv\/' title='Smart TV'>Smart TV<\/a><\/h3><span class=\"av-vertical-delimiter\"><\/span><\/header><div class='slide-entry-excerpt entry-content'  itemprop=\"text\" >Desde juli 2023 todos nuestros apartamentos disponen de Smart TV de 50 pulgadas, para que nuestros hu\u00e9spedes pueden seguir viendo su canal de You tube favorito o sus series de Netflix!\r\n\r\n<div class=\"read-more-link\"><a href=\"https:\/\/bogota-grancanaria.de\/es\/smart-tv\/\" class=\"more-link\">Weiterlesen<span class=\"more-link-arrow\"><\/span><\/a><\/div><\/div><\/div><footer class=\"entry-footer\"><div class='slide-meta'><div class='slide-meta-comments'><a href='https:\/\/bogota-grancanaria.de\/es\/smart-tv\/#respond'>0 Kommentare<\/a><\/div><div class='slide-meta-del'>\/<\/div><time class='slide-meta-time updated'  itemprop=\"datePublished\" datetime=\"2024-01-22T11:26:48+01:00\" >22. Januar 2024<\/time><\/div><\/footer><span class='hidden'>\n\t\t\t<span class='av-structured-data'  itemscope=\"itemscope\" itemtype=\"https:\/\/schema.org\/ImageObject\"  itemprop='image'>\n\t\t\t\t\t   <span itemprop='url' >https:\/\/bogota-grancanaria.de\/es\/wp-content\/uploads\/sites\/5\/2024\/01\/Netflix-tv.jpeg<\/span>\n\t\t\t\t\t   <span itemprop='height' >1500<\/span>\n\t\t\t\t\t   <span itemprop='width' >2000<\/span>\n\t\t\t\t  <\/span><span class='av-structured-data'  itemprop=\"publisher\" itemtype=\"https:\/\/schema.org\/Organization\" itemscope=\"itemscope\" >\n\t\t\t\t<span itemprop='name'>florian.mueller<\/span>\n\t\t\t\t<span itemprop='logo' itemscope itemtype='http:\/\/schema.org\/ImageObject'>\n\t\t\t\t   <span itemprop='url'>http:\/\/bogota-mehrsprachig.content-guys.de\/es\/wp-content\/uploads\/sites\/5\/2018\/02\/Logo_Apartamentos_Bogota.png<\/span>\n\t\t\t\t <\/span>\n\t\t\t  <\/span><span class='av-structured-data'  itemprop=\"author\" itemscope=\"itemscope\" itemtype=\"https:\/\/schema.org\/Person\" ><span itemprop='name'>florian.mueller<\/span><\/span><span class='av-structured-data'  itemprop=\"datePublished\" datetime=\"2017-01-08T12:29:37+01:00\" >2024-01-22 11:26:48<\/span><span class='av-structured-data'  itemprop=\"dateModified\" itemtype=\"https:\/\/schema.org\/dateModified\" >2024-01-22 11:26:48<\/span><span class='av-structured-data'  itemprop=\"mainEntityOfPage\" itemtype=\"https:\/\/schema.org\/mainEntityOfPage\" ><span itemprop='name'>Smart TV<\/span><\/span><\/span><\/article><article class='slide-entry flex_column  post-entry post-entry-422 slide-entry-overview slide-loop-3 slide-parity-odd  av_one_third  real-thumbnail'  itemscope=\"itemscope\" itemtype=\"https:\/\/schema.org\/BlogPosting\" itemprop=\"blogPost\" ><a href='https:\/\/bogota-grancanaria.de\/es\/nuestra-casa-esta-cerrada-del-02-06-2019-06-07-2019\/' data-rel='slide-1' class='slide-image' title=''><img width=\"495\" height=\"400\" src=\"https:\/\/bogota-grancanaria.de\/es\/wp-content\/uploads\/sites\/5\/2019\/05\/apps_innen_galerie-495x400.jpg\" class=\"attachment-portfolio size-portfolio wp-post-image\" alt=\"\" loading=\"lazy\" srcset=\"https:\/\/bogota-grancanaria.de\/es\/wp-content\/uploads\/sites\/5\/2019\/05\/apps_innen_galerie-495x400.jpg 495w, https:\/\/bogota-grancanaria.de\/es\/wp-content\/uploads\/sites\/5\/2019\/05\/apps_innen_galerie-845x684.jpg 845w\" sizes=\"(max-width: 495px) 100vw, 495px\" \/><\/a><div class='slide-content'><header class=\"entry-content-header\"><span class=\"blog-categories minor-meta\"><a href=\"https:\/\/bogota-grancanaria.de\/es\/category\/news\/\" rel=\"tag\">News<\/a> <\/span><h3 class='slide-entry-title entry-title'  itemprop=\"headline\" ><a href='https:\/\/bogota-grancanaria.de\/es\/nuestra-casa-esta-cerrada-del-02-06-2019-06-07-2019\/' title='Nuestra casa est\u00e1 cerrada del 02.06.2019 - 06.07.2019'>Nuestra casa est\u00e1 cerrada del 02.06.2019 - 06.07.2019<\/a><\/h3><span class=\"av-vertical-delimiter\"><\/span><\/header><div class='slide-entry-excerpt entry-content'  itemprop=\"text\" >Del 02.06.2019 al 06.07.2019 nuestra casa estar\u00e1 cerrada, porque estamos renovando los apartamentos m\u00e1s bajos.<div class=\"read-more-link\"><a href=\"https:\/\/bogota-grancanaria.de\/es\/nuestra-casa-esta-cerrada-del-02-06-2019-06-07-2019\/\" class=\"more-link\">Weiterlesen<span class=\"more-link-arrow\"><\/span><\/a><\/div><\/div><\/div><footer class=\"entry-footer\"><div class='slide-meta'><div class='slide-meta-comments'><a href='https:\/\/bogota-grancanaria.de\/es\/nuestra-casa-esta-cerrada-del-02-06-2019-06-07-2019\/#respond'>0 Kommentare<\/a><\/div><div class='slide-meta-del'>\/<\/div><time class='slide-meta-time updated'  itemprop=\"datePublished\" datetime=\"2019-05-27T20:48:41+02:00\" >27. Mai 2019<\/time><\/div><\/footer><span class='hidden'>\n\t\t\t<span class='av-structured-data'  itemscope=\"itemscope\" itemtype=\"https:\/\/schema.org\/ImageObject\"  itemprop='image'>\n\t\t\t\t\t   <span itemprop='url' >https:\/\/bogota-grancanaria.de\/es\/wp-content\/uploads\/sites\/5\/2019\/05\/apps_innen_galerie.jpg<\/span>\n\t\t\t\t\t   <span itemprop='height' >875<\/span>\n\t\t\t\t\t   <span itemprop='width' >1600<\/span>\n\t\t\t\t  <\/span><span class='av-structured-data'  itemprop=\"publisher\" itemtype=\"https:\/\/schema.org\/Organization\" itemscope=\"itemscope\" >\n\t\t\t\t<span itemprop='name'>florian.mueller<\/span>\n\t\t\t\t<span itemprop='logo' itemscope itemtype='http:\/\/schema.org\/ImageObject'>\n\t\t\t\t   <span itemprop='url'>http:\/\/bogota-mehrsprachig.content-guys.de\/es\/wp-content\/uploads\/sites\/5\/2018\/02\/Logo_Apartamentos_Bogota.png<\/span>\n\t\t\t\t <\/span>\n\t\t\t  <\/span><span class='av-structured-data'  itemprop=\"author\" itemscope=\"itemscope\" itemtype=\"https:\/\/schema.org\/Person\" ><span itemprop='name'>florian.mueller<\/span><\/span><span class='av-structured-data'  itemprop=\"datePublished\" datetime=\"2017-01-08T12:29:37+01:00\" >2019-05-27 20:48:41<\/span><span class='av-structured-data'  itemprop=\"dateModified\" itemtype=\"https:\/\/schema.org\/dateModified\" >2019-05-27 20:50:51<\/span><span class='av-structured-data'  itemprop=\"mainEntityOfPage\" itemtype=\"https:\/\/schema.org\/mainEntityOfPage\" ><span itemprop='name'>Nuestra casa est\u00e1 cerrada del 02.06.2019 - 06.07.2019<\/span><\/span><\/span><\/article><\/div><div class='slide-entry-wrap'><article class='slide-entry flex_column  post-entry post-entry-215 slide-entry-overview slide-loop-4 slide-parity-odd  av_one_third first real-thumbnail'  itemscope=\"itemscope\" itemtype=\"https:\/\/schema.org\/BlogPosting\" itemprop=\"blogPost\" ><a href='https:\/\/bogota-grancanaria.de\/es\/erneuerung-sonnenterrasse\/' data-rel='slide-1' class='slide-image' title=''><img width=\"495\" height=\"400\" src=\"https:\/\/bogota-grancanaria.de\/es\/wp-content\/uploads\/sites\/5\/2017\/11\/news_pool-495x400.jpg\" class=\"attachment-portfolio size-portfolio wp-post-image\" alt=\"Erneuerung Sonnenterrasse Pool\" loading=\"lazy\" srcset=\"https:\/\/bogota-grancanaria.de\/es\/wp-content\/uploads\/sites\/5\/2017\/11\/news_pool-495x400.jpg 495w, https:\/\/bogota-grancanaria.de\/es\/wp-content\/uploads\/sites\/5\/2017\/11\/news_pool-845x684.jpg 845w\" sizes=\"(max-width: 495px) 100vw, 495px\" \/><\/a><div class='slide-content'><header class=\"entry-content-header\"><span class=\"blog-categories minor-meta\"><a href=\"https:\/\/bogota-grancanaria.de\/es\/category\/news\/\" rel=\"tag\">News<\/a> <\/span><h3 class='slide-entry-title entry-title'  itemprop=\"headline\" ><a href='https:\/\/bogota-grancanaria.de\/es\/erneuerung-sonnenterrasse\/' title='Cierre del complejo por renovaci\u00f3n de terraza piscina'>Cierre del complejo por renovaci\u00f3n de terraza piscina<\/a><\/h3><span class=\"av-vertical-delimiter\"><\/span><\/header><div class='slide-entry-excerpt entry-content'  itemprop=\"text\" >A ra\u00edz de una nueva ley, los complejos peque\u00f1os estamos obligados a vallar las piscinas. Aprovechamos y vamos a renovar el suelo de la terraza alrededor de la piscina y Apartamentos\u00a0 de la planta baja.\r\n\r\nPor esta raz\u00f3n, estaremos cerrados\u2026<div class=\"read-more-link\"><a href=\"https:\/\/bogota-grancanaria.de\/es\/erneuerung-sonnenterrasse\/\" class=\"more-link\">Weiterlesen<span class=\"more-link-arrow\"><\/span><\/a><\/div><\/div><\/div><footer class=\"entry-footer\"><div class='slide-meta'><div class='slide-meta-comments'><a href='https:\/\/bogota-grancanaria.de\/es\/erneuerung-sonnenterrasse\/#respond'>0 Kommentare<\/a><\/div><div class='slide-meta-del'>\/<\/div><time class='slide-meta-time updated'  itemprop=\"datePublished\" datetime=\"2018-01-15T12:30:29+01:00\" >15. Januar 2018<\/time><\/div><\/footer><span class='hidden'>\n\t\t\t<span class='av-structured-data'  itemscope=\"itemscope\" itemtype=\"https:\/\/schema.org\/ImageObject\"  itemprop='image'>\n\t\t\t\t\t   <span itemprop='url' >https:\/\/bogota-grancanaria.de\/es\/wp-content\/uploads\/sites\/5\/2017\/11\/news_pool.jpg<\/span>\n\t\t\t\t\t   <span itemprop='height' >726<\/span>\n\t\t\t\t\t   <span itemprop='width' >1162<\/span>\n\t\t\t\t  <\/span><span class='av-structured-data'  itemprop=\"publisher\" itemtype=\"https:\/\/schema.org\/Organization\" itemscope=\"itemscope\" >\n\t\t\t\t<span itemprop='name'>florian.mueller<\/span>\n\t\t\t\t<span itemprop='logo' itemscope itemtype='http:\/\/schema.org\/ImageObject'>\n\t\t\t\t   <span itemprop='url'>http:\/\/bogota-mehrsprachig.content-guys.de\/es\/wp-content\/uploads\/sites\/5\/2018\/02\/Logo_Apartamentos_Bogota.png<\/span>\n\t\t\t\t <\/span>\n\t\t\t  <\/span><span class='av-structured-data'  itemprop=\"author\" itemscope=\"itemscope\" itemtype=\"https:\/\/schema.org\/Person\" ><span itemprop='name'>florian.mueller<\/span><\/span><span class='av-structured-data'  itemprop=\"datePublished\" datetime=\"2017-01-08T12:29:37+01:00\" >2018-01-15 12:30:29<\/span><span class='av-structured-data'  itemprop=\"dateModified\" itemtype=\"https:\/\/schema.org\/dateModified\" >2019-05-23 20:13:03<\/span><span class='av-structured-data'  itemprop=\"mainEntityOfPage\" itemtype=\"https:\/\/schema.org\/mainEntityOfPage\" ><span itemprop='name'>Cierre del complejo por renovaci\u00f3n de terraza piscina<\/span><\/span><\/span><\/article><article class='slide-entry flex_column  post-entry post-entry-223 slide-entry-overview slide-loop-5 slide-parity-even  av_one_third  real-thumbnail'  itemscope=\"itemscope\" itemtype=\"https:\/\/schema.org\/BlogPosting\" itemprop=\"blogPost\" ><a href='https:\/\/bogota-grancanaria.de\/es\/fertigstellung-badezimmer\/' data-rel='slide-1' class='slide-image' title=''><img width=\"495\" height=\"400\" src=\"https:\/\/bogota-grancanaria.de\/es\/wp-content\/uploads\/sites\/5\/2017\/11\/fertigstellung_Badezimmer_thumb-495x400.jpg\" class=\"attachment-portfolio size-portfolio wp-post-image\" alt=\"Fertigstellung Badezimmer Apartamentos Bogota\" loading=\"lazy\" srcset=\"https:\/\/bogota-grancanaria.de\/es\/wp-content\/uploads\/sites\/5\/2017\/11\/fertigstellung_Badezimmer_thumb-495x400.jpg 495w, https:\/\/bogota-grancanaria.de\/es\/wp-content\/uploads\/sites\/5\/2017\/11\/fertigstellung_Badezimmer_thumb-845x684.jpg 845w\" sizes=\"(max-width: 495px) 100vw, 495px\" \/><\/a><div class='slide-content'><header class=\"entry-content-header\"><span class=\"blog-categories minor-meta\"><a href=\"https:\/\/bogota-grancanaria.de\/es\/category\/news\/\" rel=\"tag\">News<\/a> <\/span><h3 class='slide-entry-title entry-title'  itemprop=\"headline\" ><a href='https:\/\/bogota-grancanaria.de\/es\/fertigstellung-badezimmer\/' title='Finalizaci\u00f3n de los ultimos ba\u00f1os'>Finalizaci\u00f3n de los ultimos ba\u00f1os<\/a><\/h3><span class=\"av-vertical-delimiter\"><\/span><\/header><div class='slide-entry-excerpt entry-content'  itemprop=\"text\" >En verano del 2017 hemos terminado la renovaci\u00f3n de los \u00faltimos ba\u00f1os.\r\n\r\nLos nuevos se ven as\u00ed:\r\n\r\n\r\n\r\n\r\n\r\n\r\n\r\n<div class=\"read-more-link\"><a href=\"https:\/\/bogota-grancanaria.de\/es\/fertigstellung-badezimmer\/\" class=\"more-link\">Weiterlesen<span class=\"more-link-arrow\"><\/span><\/a><\/div><\/div><\/div><footer class=\"entry-footer\"><div class='slide-meta'><div class='slide-meta-comments'><a href='https:\/\/bogota-grancanaria.de\/es\/fertigstellung-badezimmer\/#respond'>0 Kommentare<\/a><\/div><div class='slide-meta-del'>\/<\/div><time class='slide-meta-time updated'  itemprop=\"datePublished\" datetime=\"2017-09-17T15:04:20+02:00\" >17. September 2017<\/time><\/div><\/footer><span class='hidden'>\n\t\t\t<span class='av-structured-data'  itemscope=\"itemscope\" itemtype=\"https:\/\/schema.org\/ImageObject\"  itemprop='image'>\n\t\t\t\t\t   <span itemprop='url' >https:\/\/bogota-grancanaria.de\/es\/wp-content\/uploads\/sites\/5\/2017\/11\/fertigstellung_Badezimmer_thumb.jpg<\/span>\n\t\t\t\t\t   <span itemprop='height' >875<\/span>\n\t\t\t\t\t   <span itemprop='width' >1600<\/span>\n\t\t\t\t  <\/span><span class='av-structured-data'  itemprop=\"publisher\" itemtype=\"https:\/\/schema.org\/Organization\" itemscope=\"itemscope\" >\n\t\t\t\t<span itemprop='name'>florian.mueller<\/span>\n\t\t\t\t<span itemprop='logo' itemscope itemtype='http:\/\/schema.org\/ImageObject'>\n\t\t\t\t   <span itemprop='url'>http:\/\/bogota-mehrsprachig.content-guys.de\/es\/wp-content\/uploads\/sites\/5\/2018\/02\/Logo_Apartamentos_Bogota.png<\/span>\n\t\t\t\t <\/span>\n\t\t\t  <\/span><span class='av-structured-data'  itemprop=\"author\" itemscope=\"itemscope\" itemtype=\"https:\/\/schema.org\/Person\" ><span itemprop='name'>florian.mueller<\/span><\/span><span class='av-structured-data'  itemprop=\"datePublished\" datetime=\"2017-01-08T12:29:37+01:00\" >2017-09-17 15:04:20<\/span><span class='av-structured-data'  itemprop=\"dateModified\" itemtype=\"https:\/\/schema.org\/dateModified\" >2018-02-21 18:07:40<\/span><span class='av-structured-data'  itemprop=\"mainEntityOfPage\" itemtype=\"https:\/\/schema.org\/mainEntityOfPage\" ><span itemprop='name'>Finalizaci\u00f3n de los ultimos ba\u00f1os<\/span><\/span><\/span><\/article><article class='slide-entry flex_column  post-entry post-entry-212 slide-entry-overview slide-loop-6 slide-parity-odd  post-entry-last  av_one_third  real-thumbnail'  itemscope=\"itemscope\" itemtype=\"https:\/\/schema.org\/BlogPosting\" itemprop=\"blogPost\" ><a href='https:\/\/bogota-grancanaria.de\/es\/neue-betten\/' data-rel='slide-1' class='slide-image' title=''><img width=\"495\" height=\"400\" src=\"https:\/\/bogota-grancanaria.de\/es\/wp-content\/uploads\/sites\/5\/2017\/11\/news_betten-495x400.jpg\" class=\"attachment-portfolio size-portfolio wp-post-image\" alt=\"Neue Betten\" loading=\"lazy\" \/><\/a><div class='slide-content'><header class=\"entry-content-header\"><span class=\"blog-categories minor-meta\"><a href=\"https:\/\/bogota-grancanaria.de\/es\/category\/news\/\" rel=\"tag\">News<\/a> <\/span><h3 class='slide-entry-title entry-title'  itemprop=\"headline\" ><a href='https:\/\/bogota-grancanaria.de\/es\/neue-betten\/' title='Nuevas Camas!'>Nuevas Camas!<\/a><\/h3><span class=\"av-vertical-delimiter\"><\/span><\/header><div class='slide-entry-excerpt entry-content'  itemprop=\"text\" >A partir de ahora disponemos de camas nuevas! Son\u00a0 ajustables bizona tanto en la cabeza como en los pies.\r\n\r\n<div class=\"read-more-link\"><a href=\"https:\/\/bogota-grancanaria.de\/es\/neue-betten\/\" class=\"more-link\">Weiterlesen<span class=\"more-link-arrow\"><\/span><\/a><\/div><\/div><\/div><footer class=\"entry-footer\"><div class='slide-meta'><div class='slide-meta-comments'><a href='https:\/\/bogota-grancanaria.de\/es\/neue-betten\/#respond'>0 Kommentare<\/a><\/div><div class='slide-meta-del'>\/<\/div><time class='slide-meta-time updated'  itemprop=\"datePublished\" datetime=\"2017-01-08T12:29:37+01:00\" >8. Januar 2017<\/time><\/div><\/footer><span class='hidden'>\n\t\t\t<span class='av-structured-data'  itemscope=\"itemscope\" itemtype=\"https:\/\/schema.org\/ImageObject\"  itemprop='image'>\n\t\t\t\t\t   <span itemprop='url' >https:\/\/bogota-grancanaria.de\/es\/wp-content\/uploads\/sites\/5\/2017\/11\/news_betten.jpg<\/span>\n\t\t\t\t\t   <span itemprop='height' >580<\/span>\n\t\t\t\t\t   <span itemprop='width' >929<\/span>\n\t\t\t\t  <\/span><span class='av-structured-data'  itemprop=\"publisher\" itemtype=\"https:\/\/schema.org\/Organization\" itemscope=\"itemscope\" >\n\t\t\t\t<span itemprop='name'>florian.mueller<\/span>\n\t\t\t\t<span itemprop='logo' itemscope itemtype='http:\/\/schema.org\/ImageObject'>\n\t\t\t\t   <span itemprop='url'>http:\/\/bogota-mehrsprachig.content-guys.de\/es\/wp-content\/uploads\/sites\/5\/2018\/02\/Logo_Apartamentos_Bogota.png<\/span>\n\t\t\t\t <\/span>\n\t\t\t  <\/span><span class='av-structured-data'  itemprop=\"author\" itemscope=\"itemscope\" itemtype=\"https:\/\/schema.org\/Person\" ><span itemprop='name'>florian.mueller<\/span><\/span><span class='av-structured-data'  itemprop=\"datePublished\" datetime=\"2017-01-08T12:29:37+01:00\" >2017-01-08 12:29:37<\/span><span class='av-structured-data'  itemprop=\"dateModified\" itemtype=\"https:\/\/schema.org\/dateModified\" >2018-02-21 18:08:09<\/span><span class='av-structured-data'  itemprop=\"mainEntityOfPage\" itemtype=\"https:\/\/schema.org\/mainEntityOfPage\" ><span itemprop='name'>Nuevas Camas!<\/span><\/span><\/span><\/article><\/div><\/div><\/div>\n<\/div><\/div><\/div><!-- close content main div --><\/div><\/div><div id='after_section_1' class='main_color av_default_container_wrap container_wrap sidebar_right'   ><div class='container' ><div class='template-page content  av-content-small alpha units'><div class='post-entry post-entry-type-page post-entry-269'><div class='entry-content-wrapper clearfix'>\n","protected":false},"excerpt":{"rendered":"","protected":false},"author":1,"featured_media":0,"parent":0,"menu_order":0,"comment_status":"closed","ping_status":"open","template":"","meta":[],"_links":{"self":[{"href":"https:\/\/bogota-grancanaria.de\/es\/wp-json\/wp\/v2\/pages\/269"}],"collection":[{"href":"https:\/\/bogota-grancanaria.de\/es\/wp-json\/wp\/v2\/pages"}],"about":[{"href":"https:\/\/bogota-grancanaria.de\/es\/wp-json\/wp\/v2\/types\/page"}],"author":[{"embeddable":true,"href":"https:\/\/bogota-grancanaria.de\/es\/wp-json\/wp\/v2\/users\/1"}],"replies":[{"embeddable":true,"href":"https:\/\/bogota-grancanaria.de\/es\/wp-json\/wp\/v2\/comments?post=269"}],"version-history":[{"count":4,"href":"https:\/\/bogota-grancanaria.de\/es\/wp-json\/wp\/v2\/pages\/269\/revisions"}],"predecessor-version":[{"id":363,"href":"https:\/\/bogota-grancanaria.de\/es\/wp-json\/wp\/v2\/pages\/269\/revisions\/363"}],"wp:attachment":[{"href":"https:\/\/bogota-grancanaria.de\/es\/wp-json\/wp\/v2\/media?parent=269"}],"curies":[{"name":"wp","href":"https:\/\/api.w.org\/{rel}","templated":true}]}}